{"id":25,"date":"2023-10-09T18:21:41","date_gmt":"2023-10-09T18:21:41","guid":{"rendered":"https:\/\/oclair.com.br\/?page_id=25"},"modified":"2023-10-09T19:34:29","modified_gmt":"2023-10-09T19:34:29","slug":"home","status":"publish","type":"page","link":"https:\/\/oclair.com.br\/","title":{"rendered":"Home"},"content":{"rendered":"\t\t<div data-elementor-type=\"wp-page\" data-elementor-id=\"25\" class=\"elementor elementor-25\">\n\t\t\t\t\t\t\t<div class=\"elementor-element elementor-element-72fd96a e-con-full e-flex e-con e-parent\" data-id=\"72fd96a\" data-element_type=\"container\" data-settings=\"{&quot;content_width&quot;:&quot;full&quot;}\" data-core-v316-plus=\"true\">\n\t\t<div class=\"elementor-element elementor-element-1b53fdc e-con-full e-flex e-con e-child\" data-id=\"1b53fdc\" data-element_type=\"container\" data-settings=\"{&quot;content_width&quot;:&quot;full&quot;}\">\n\t\t\t\t<div class=\"elementor-element elementor-element-d5b6081 elementor-widget elementor-widget-heading\" data-id=\"d5b6081\" data-element_type=\"widget\" data-widget_type=\"heading.default\">\n\t\t\t\t<div class=\"elementor-widget-container\">\n\t\t\t<style>\/*! elementor - v3.16.0 - 09-10-2023 *\/\n.elementor-heading-title{padding:0;margin:0;line-height:1}.elementor-widget-heading .elementor-heading-title[class*=elementor-size-]>a{color:inherit;font-size:inherit;line-height:inherit}.elementor-widget-heading .elementor-heading-title.elementor-size-small{font-size:15px}.elementor-widget-heading .elementor-heading-title.elementor-size-medium{font-size:19px}.elementor-widget-heading .elementor-heading-title.elementor-size-large{font-size:29px}.elementor-widget-heading .elementor-heading-title.elementor-size-xl{font-size:39px}.elementor-widget-heading .elementor-heading-title.elementor-size-xxl{font-size:59px}<\/style><h2 class=\"elementor-heading-title elementor-size-default\">Excel\u00eancia em extens\u00e3o de c\u00edlios<\/h2>\t\t<\/div>\n\t\t\t\t<\/div>\n\t\t\t\t<div class=\"elementor-element elementor-element-4e56dda elementor-widget elementor-widget-text-editor\" data-id=\"4e56dda\" data-element_type=\"widget\" data-widget_type=\"text-editor.default\">\n\t\t\t\t<div class=\"elementor-widget-container\">\n\t\t\t<style>\/*! elementor - v3.16.0 - 09-10-2023 *\/\n.elementor-widget-text-editor.elementor-drop-cap-view-stacked .elementor-drop-cap{background-color:#69727d;color:#fff}.elementor-widget-text-editor.elementor-drop-cap-view-framed .elementor-drop-cap{color:#69727d;border:3px solid;background-color:transparent}.elementor-widget-text-editor:not(.elementor-drop-cap-view-default) .elementor-drop-cap{margin-top:8px}.elementor-widget-text-editor:not(.elementor-drop-cap-view-default) .elementor-drop-cap-letter{width:1em;height:1em}.elementor-widget-text-editor .elementor-drop-cap{float:left;text-align:center;line-height:1;font-size:50px}.elementor-widget-text-editor .elementor-drop-cap-letter{display:inline-block}<\/style>\t\t\t\t<p>Se voc\u00ea busca a perfei\u00e7\u00e3o na extens\u00e3o de c\u00edlios profissionais, n\u00e3o precisa mais procurar. Apresentamos com orgulho a marca Oclair, uma verdadeira revolu\u00e7\u00e3o no mundo da beleza e cuidados com os olhos. Com ra\u00edzes na Coreia, ber\u00e7o da inova\u00e7\u00e3o e excel\u00eancia em cosm\u00e9ticos, a Oclair conquistou o cora\u00e7\u00e3o de profissionais de beleza e entusiastas da extens\u00e3o de c\u00edlios em todo o mundo.<\/p>\t\t\t\t\t\t<\/div>\n\t\t\t\t<\/div>\n\t\t\t\t<div class=\"elementor-element elementor-element-5f047f5 elementor-align-left elementor-widget elementor-widget-button\" data-id=\"5f047f5\" data-element_type=\"widget\" data-widget_type=\"button.default\">\n\t\t\t\t<div class=\"elementor-widget-container\">\n\t\t\t\t\t<div class=\"elementor-button-wrapper\">\n\t\t\t<a class=\"elementor-button elementor-button-link elementor-size-sm\" href=\"https:\/\/www.carmenlee.com.br\/nossas-marcas\/o-clair\">\n\t\t\t\t\t\t<span class=\"elementor-button-content-wrapper\">\n\t\t\t\t\t\t<span class=\"elementor-button-text\">SAIBA ONDE COMPRAR<\/span>\n\t\t<\/span>\n\t\t\t\t\t<\/a>\n\t\t<\/div>\n\t\t\t\t<\/div>\n\t\t\t\t<\/div>\n\t\t\t\t<\/div>\n\t\t<div class=\"elementor-element elementor-element-daeb0d6 e-con-full e-flex e-con e-child\" data-id=\"daeb0d6\" data-element_type=\"container\" data-settings=\"{&quot;content_width&quot;:&quot;full&quot;}\">\n\t\t\t\t<div class=\"elementor-element elementor-element-6294ece elementor-invisible elementor-widget elementor-widget-image\" data-id=\"6294ece\" data-element_type=\"widget\" data-settings=\"{&quot;_animation&quot;:&quot;fadeIn&quot;}\" data-widget_type=\"image.default\">\n\t\t\t\t<div class=\"elementor-widget-container\">\n\t\t\t<style>\/*! elementor - v3.16.0 - 09-10-2023 *\/\n.elementor-widget-image{text-align:center}.elementor-widget-image a{display:inline-block}.elementor-widget-image a img[src$=\".svg\"]{width:48px}.elementor-widget-image img{vertical-align:middle;display:inline-block}<\/style>\t\t\t\t\t\t\t\t\t\t\t\t<img loading=\"lazy\" decoding=\"async\" width=\"1024\" height=\"883\" src=\"https:\/\/oclair.com.br\/wp-content\/uploads\/2023\/10\/Oclair-1024x883.png\" class=\"attachment-large size-large wp-image-27\" alt=\"\" srcset=\"https:\/\/oclair.com.br\/wp-content\/uploads\/2023\/10\/Oclair-1024x883.png 1024w, https:\/\/oclair.com.br\/wp-content\/uploads\/2023\/10\/Oclair-300x259.png 300w, https:\/\/oclair.com.br\/wp-content\/uploads\/2023\/10\/Oclair-768x662.png 768w, https:\/\/oclair.com.br\/wp-content\/uploads\/2023\/10\/Oclair.png 1080w\" sizes=\"auto, (max-width: 1024px) 100vw, 1024px\" \/>\t\t\t\t\t\t\t\t\t\t\t\t\t\t\t<\/div>\n\t\t\t\t<\/div>\n\t\t\t\t<\/div>\n\t\t\t\t<\/div>\n\t\t<div class=\"elementor-element elementor-element-d2f21b5 e-flex e-con-boxed e-con e-parent\" data-id=\"d2f21b5\" data-element_type=\"container\" data-settings=\"{&quot;content_width&quot;:&quot;boxed&quot;}\" data-core-v316-plus=\"true\">\n\t\t\t\t\t<div class=\"e-con-inner\">\n\t\t<div class=\"elementor-element elementor-element-e47d1e0 e-con-full e-flex e-con e-child\" data-id=\"e47d1e0\" data-element_type=\"container\" data-settings=\"{&quot;content_width&quot;:&quot;full&quot;}\">\n\t\t\t\t<div class=\"elementor-element elementor-element-abc7615 elementor-widget elementor-widget-image\" data-id=\"abc7615\" data-element_type=\"widget\" data-widget_type=\"image.default\">\n\t\t\t\t<div class=\"elementor-widget-container\">\n\t\t\t\t\t\t\t\t\t\t\t\t\t\t\t<img loading=\"lazy\" decoding=\"async\" width=\"150\" height=\"150\" src=\"https:\/\/oclair.com.br\/wp-content\/uploads\/2023\/10\/Opcoes-150x150.png\" class=\"attachment-thumbnail size-thumbnail wp-image-31\" alt=\"\" srcset=\"https:\/\/oclair.com.br\/wp-content\/uploads\/2023\/10\/Opcoes-150x150.png 150w, https:\/\/oclair.com.br\/wp-content\/uploads\/2023\/10\/Opcoes-300x300.png 300w, https:\/\/oclair.com.br\/wp-content\/uploads\/2023\/10\/Opcoes.png 512w\" sizes=\"auto, (max-width: 150px) 100vw, 150px\" \/>\t\t\t\t\t\t\t\t\t\t\t\t\t\t\t<\/div>\n\t\t\t\t<\/div>\n\t\t\t\t<div class=\"elementor-element elementor-element-90762c6 elementor-widget elementor-widget-text-editor\" data-id=\"90762c6\" data-element_type=\"widget\" data-widget_type=\"text-editor.default\">\n\t\t\t\t<div class=\"elementor-widget-container\">\n\t\t\t\t\t\t\t<p>\u00a0Desde diferentes estilos de c\u00edlios at\u00e9 adesivos de qualidade superior, a Oclair tem tudo o que voc\u00ea precisa para criar looks deslumbrantes.<\/p>\t\t\t\t\t\t<\/div>\n\t\t\t\t<\/div>\n\t\t\t\t<\/div>\n\t\t<div class=\"elementor-element elementor-element-35516a7 e-con-full e-flex e-con e-child\" data-id=\"35516a7\" data-element_type=\"container\" data-settings=\"{&quot;content_width&quot;:&quot;full&quot;}\">\n\t\t\t\t<div class=\"elementor-element elementor-element-885980f elementor-widget elementor-widget-image\" data-id=\"885980f\" data-element_type=\"widget\" data-widget_type=\"image.default\">\n\t\t\t\t<div class=\"elementor-widget-container\">\n\t\t\t\t\t\t\t\t\t\t\t\t\t\t\t<img loading=\"lazy\" decoding=\"async\" width=\"150\" height=\"150\" src=\"https:\/\/oclair.com.br\/wp-content\/uploads\/2023\/10\/seguranca-150x150.png\" class=\"attachment-thumbnail size-thumbnail wp-image-30\" alt=\"\" srcset=\"https:\/\/oclair.com.br\/wp-content\/uploads\/2023\/10\/seguranca-150x150.png 150w, https:\/\/oclair.com.br\/wp-content\/uploads\/2023\/10\/seguranca-300x300.png 300w, https:\/\/oclair.com.br\/wp-content\/uploads\/2023\/10\/seguranca.png 512w\" sizes=\"auto, (max-width: 150px) 100vw, 150px\" \/>\t\t\t\t\t\t\t\t\t\t\t\t\t\t\t<\/div>\n\t\t\t\t<\/div>\n\t\t\t\t<div class=\"elementor-element elementor-element-ab8b180 elementor-widget elementor-widget-text-editor\" data-id=\"ab8b180\" data-element_type=\"widget\" data-widget_type=\"text-editor.default\">\n\t\t\t\t<div class=\"elementor-widget-container\">\n\t\t\t\t\t\t\t<p>Na Oclair, priorizamos a seguran\u00e7a dos nossos clientes e profissionais. Nossos produtos passam por rigorosos testes de qualidade e s\u00e3o formulados com ingredientes de alta qualidade, livres de subst\u00e2ncias prejudiciais.<\/p>\t\t\t\t\t\t<\/div>\n\t\t\t\t<\/div>\n\t\t\t\t<\/div>\n\t\t<div class=\"elementor-element elementor-element-cbbaa51 e-con-full e-flex e-con e-child\" data-id=\"cbbaa51\" data-element_type=\"container\" data-settings=\"{&quot;content_width&quot;:&quot;full&quot;}\">\n\t\t\t\t<div class=\"elementor-element elementor-element-9940b74 elementor-widget elementor-widget-image\" data-id=\"9940b74\" data-element_type=\"widget\" data-widget_type=\"image.default\">\n\t\t\t\t<div class=\"elementor-widget-container\">\n\t\t\t\t\t\t\t\t\t\t\t\t\t\t\t<img loading=\"lazy\" decoding=\"async\" width=\"150\" height=\"150\" src=\"https:\/\/oclair.com.br\/wp-content\/uploads\/2023\/10\/Excelencia-150x150.png\" class=\"attachment-thumbnail size-thumbnail wp-image-29\" alt=\"\" srcset=\"https:\/\/oclair.com.br\/wp-content\/uploads\/2023\/10\/Excelencia-150x150.png 150w, https:\/\/oclair.com.br\/wp-content\/uploads\/2023\/10\/Excelencia-300x300.png 300w, https:\/\/oclair.com.br\/wp-content\/uploads\/2023\/10\/Excelencia.png 512w\" sizes=\"auto, (max-width: 150px) 100vw, 150px\" \/>\t\t\t\t\t\t\t\t\t\t\t\t\t\t\t<\/div>\n\t\t\t\t<\/div>\n\t\t\t\t<div class=\"elementor-element elementor-element-6f89f0f elementor-widget elementor-widget-text-editor\" data-id=\"6f89f0f\" data-element_type=\"widget\" data-widget_type=\"text-editor.default\">\n\t\t\t\t<div class=\"elementor-widget-container\">\n\t\t\t\t\t\t\t<p>Oclair traz essa excel\u00eancia para a extens\u00e3o de c\u00edlios. Nossos produtos s\u00e3o criados com os mais recentes avan\u00e7os tecnol\u00f3gicos e os ingredientes mais refinados, garantindo resultados superiores.<\/p>\t\t\t\t\t\t<\/div>\n\t\t\t\t<\/div>\n\t\t\t\t<\/div>\n\t\t<div class=\"elementor-element elementor-element-3702719 e-con-full e-flex e-con e-child\" data-id=\"3702719\" data-element_type=\"container\" data-settings=\"{&quot;content_width&quot;:&quot;full&quot;}\">\n\t\t\t\t<div class=\"elementor-element elementor-element-d62f2d3 elementor-widget elementor-widget-image\" data-id=\"d62f2d3\" data-element_type=\"widget\" data-widget_type=\"image.default\">\n\t\t\t\t<div class=\"elementor-widget-container\">\n\t\t\t\t\t\t\t\t\t\t\t\t\t\t\t<img loading=\"lazy\" decoding=\"async\" width=\"150\" height=\"150\" src=\"https:\/\/oclair.com.br\/wp-content\/uploads\/2023\/10\/SAC-150x150.png\" class=\"attachment-thumbnail size-thumbnail wp-image-32\" alt=\"\" srcset=\"https:\/\/oclair.com.br\/wp-content\/uploads\/2023\/10\/SAC-150x150.png 150w, https:\/\/oclair.com.br\/wp-content\/uploads\/2023\/10\/SAC-300x300.png 300w, https:\/\/oclair.com.br\/wp-content\/uploads\/2023\/10\/SAC.png 512w\" sizes=\"auto, (max-width: 150px) 100vw, 150px\" \/>\t\t\t\t\t\t\t\t\t\t\t\t\t\t\t<\/div>\n\t\t\t\t<\/div>\n\t\t\t\t<div class=\"elementor-element elementor-element-3f162e8 elementor-widget elementor-widget-text-editor\" data-id=\"3f162e8\" data-element_type=\"widget\" data-widget_type=\"text-editor.default\">\n\t\t\t\t<div class=\"elementor-widget-container\">\n\t\t\t\t\t\t\t<p>A Oclair est\u00e1 comprometida em apoiar profissionais de beleza em todo o mundo. Oferecemos treinamento, recursos e suporte cont\u00ednuo para ajud\u00e1-lo a alcan\u00e7ar o sucesso em sua carreira de extens\u00e3o de c\u00edlios.<\/p>\t\t\t\t\t\t<\/div>\n\t\t\t\t<\/div>\n\t\t\t\t<\/div>\n\t\t\t\t\t<\/div>\n\t\t\t\t<\/div>\n\t\t<div class=\"elementor-element elementor-element-901da28 e-flex e-con-boxed e-con e-parent\" data-id=\"901da28\" data-element_type=\"container\" data-settings=\"{&quot;content_width&quot;:&quot;boxed&quot;}\" data-core-v316-plus=\"true\">\n\t\t\t\t\t<div class=\"e-con-inner\">\n\t\t\t\t<div class=\"elementor-element elementor-element-2e960d0 elementor-widget elementor-widget-heading\" data-id=\"2e960d0\" data-element_type=\"widget\" data-widget_type=\"heading.default\">\n\t\t\t\t<div class=\"elementor-widget-container\">\n\t\t\t<h2 class=\"elementor-heading-title elementor-size-default\">Conhe\u00e7a nossa linha completa<\/h2>\t\t<\/div>\n\t\t\t\t<\/div>\n\t\t\t\t<div class=\"elementor-element elementor-element-a2b3b45 elementor-widget elementor-widget-video\" data-id=\"a2b3b45\" data-element_type=\"widget\" data-settings=\"{&quot;youtube_url&quot;:&quot;https:\\\/\\\/www.youtube.com\\\/watch?v=EA-7PuCFpYk&quot;,&quot;video_type&quot;:&quot;youtube&quot;,&quot;controls&quot;:&quot;yes&quot;}\" data-widget_type=\"video.default\">\n\t\t\t\t<div class=\"elementor-widget-container\">\n\t\t\t<style>\/*! elementor - v3.16.0 - 09-10-2023 *\/\n.elementor-widget-video .elementor-widget-container{overflow:hidden;transform:translateZ(0)}.elementor-widget-video .elementor-wrapper{aspect-ratio:var(--video-aspect-ratio)}.elementor-widget-video .elementor-wrapper iframe,.elementor-widget-video .elementor-wrapper video{height:100%;width:100%;display:flex;border:none;background-color:#000}@supports not (aspect-ratio:1\/1){.elementor-widget-video .elementor-wrapper{position:relative;overflow:hidden;height:0;padding-bottom:calc(100% \/ var(--video-aspect-ratio))}.elementor-widget-video .elementor-wrapper iframe,.elementor-widget-video .elementor-wrapper video{position:absolute;top:0;right:0;bottom:0;left:0}}.elementor-widget-video .elementor-open-inline .elementor-custom-embed-image-overlay{position:absolute;top:0;right:0;bottom:0;left:0;background-size:cover;background-position:50%}.elementor-widget-video .elementor-custom-embed-image-overlay{cursor:pointer;text-align:center}.elementor-widget-video .elementor-custom-embed-image-overlay:hover .elementor-custom-embed-play i{opacity:1}.elementor-widget-video .elementor-custom-embed-image-overlay img{display:block;width:100%;aspect-ratio:var(--video-aspect-ratio);-o-object-fit:cover;object-fit:cover;-o-object-position:center center;object-position:center center}@supports not (aspect-ratio:1\/1){.elementor-widget-video .elementor-custom-embed-image-overlay{position:relative;overflow:hidden;height:0;padding-bottom:calc(100% \/ var(--video-aspect-ratio))}.elementor-widget-video .elementor-custom-embed-image-overlay img{position:absolute;top:0;right:0;bottom:0;left:0}}.elementor-widget-video .e-hosted-video .elementor-video{-o-object-fit:cover;object-fit:cover}.e-con-inner>.elementor-widget-video,.e-con>.elementor-widget-video{width:var(--container-widget-width);--flex-grow:var(--container-widget-flex-grow)}<\/style>\t\t<div class=\"elementor-wrapper elementor-open-inline\">\n\t\t\t<div class=\"elementor-video\"><\/div>\t\t<\/div>\n\t\t\t\t<\/div>\n\t\t\t\t<\/div>\n\t\t\t\t\t<\/div>\n\t\t\t\t<\/div>\n\t\t<div class=\"elementor-element elementor-element-6177228 e-flex e-con-boxed e-con e-parent\" data-id=\"6177228\" data-element_type=\"container\" data-settings=\"{&quot;content_width&quot;:&quot;boxed&quot;}\" data-core-v316-plus=\"true\">\n\t\t\t\t\t<div class=\"e-con-inner\">\n\t\t<div class=\"elementor-element elementor-element-db6d272 e-con-full e-flex e-con e-child\" data-id=\"db6d272\" data-element_type=\"container\" data-settings=\"{&quot;content_width&quot;:&quot;full&quot;}\">\n\t\t\t\t<div class=\"elementor-element elementor-element-4d8e445 elementor-widget elementor-widget-heading\" data-id=\"4d8e445\" data-element_type=\"widget\" data-widget_type=\"heading.default\">\n\t\t\t\t<div class=\"elementor-widget-container\">\n\t\t\t<h1 class=\"elementor-heading-title elementor-size-default\">Por que exigir ANVISA?<\/h1>\t\t<\/div>\n\t\t\t\t<\/div>\n\t\t\t\t<\/div>\n\t\t<div class=\"elementor-element elementor-element-52eac5d e-con-full e-flex e-con e-child\" data-id=\"52eac5d\" data-element_type=\"container\" data-settings=\"{&quot;content_width&quot;:&quot;full&quot;}\">\n\t\t\t\t<div class=\"elementor-element elementor-element-d11c7dc elementor-widget elementor-widget-text-editor\" data-id=\"d11c7dc\" data-element_type=\"widget\" data-widget_type=\"text-editor.default\">\n\t\t\t\t<div class=\"elementor-widget-container\">\n\t\t\t\t\t\t\t<p>Exigir a aprova\u00e7\u00e3o da ANVISA (Ag\u00eancia Nacional de Vigil\u00e2ncia Sanit\u00e1ria) ou de uma ag\u00eancia regulat\u00f3ria equivalente em outros pa\u00edses \u00e9 uma pr\u00e1tica importante para garantir a seguran\u00e7a e a qualidade de produtos, especialmente aqueles relacionados \u00e0 sa\u00fade, cosm\u00e9ticos e alimentos.<\/p><p>Todos os nossos produtos s\u00e3o importados e regulamentados pela ANVISA. Nossa importadora VERMONTH garante a extrema qualidade em todos os momentos da importa\u00e7\u00e3o.<\/p>\t\t\t\t\t\t<\/div>\n\t\t\t\t<\/div>\n\t\t\t\t<\/div>\n\t\t\t\t\t<\/div>\n\t\t\t\t<\/div>\n\t\t<div class=\"elementor-element elementor-element-0054d24 e-con-full e-flex e-con e-parent\" data-id=\"0054d24\" data-element_type=\"container\" data-settings=\"{&quot;content_width&quot;:&quot;full&quot;,&quot;background_background&quot;:&quot;classic&quot;}\" data-core-v316-plus=\"true\">\n\t\t<div class=\"elementor-element elementor-element-29a9378 e-con-full e-flex e-con e-child\" data-id=\"29a9378\" data-element_type=\"container\" data-settings=\"{&quot;content_width&quot;:&quot;full&quot;}\">\n\t\t\t\t<div class=\"elementor-element elementor-element-d74979e elementor-widget__width-initial elementor-widget elementor-widget-google_maps\" data-id=\"d74979e\" data-element_type=\"widget\" data-widget_type=\"google_maps.default\">\n\t\t\t\t<div class=\"elementor-widget-container\">\n\t\t\t<style>\/*! elementor - v3.16.0 - 09-10-2023 *\/\n.elementor-widget-google_maps .elementor-widget-container{overflow:hidden}.elementor-widget-google_maps .elementor-custom-embed{line-height:0}.elementor-widget-google_maps iframe{height:300px}<\/style>\t\t<div class=\"elementor-custom-embed\">\n\t\t\t<iframe loading=\"lazy\"\n\t\t\t\t\tsrc=\"https:\/\/maps.google.com\/maps?q=Rua%20Ant%C3%B4nio%20Martins%20de%20Ara%C3%BAjo%2C%20337%20-%20Jardim%20Bot%C3%A2nico%2C%20Curitiba%20-%20PR%2C%2080210-050&#038;t=m&#038;z=10&#038;output=embed&#038;iwloc=near\"\n\t\t\t\t\ttitle=\"Rua Ant\u00f4nio Martins de Ara\u00fajo, 337 - Jardim Bot\u00e2nico, Curitiba - PR, 80210-050\"\n\t\t\t\t\taria-label=\"Rua Ant\u00f4nio Martins de Ara\u00fajo, 337 - Jardim Bot\u00e2nico, Curitiba - PR, 80210-050\"\n\t\t\t><\/iframe>\n\t\t<\/div>\n\t\t\t\t<\/div>\n\t\t\t\t<\/div>\n\t\t\t\t<\/div>\n\t\t<div class=\"elementor-element elementor-element-92bd397 e-con-full e-flex e-con e-child\" data-id=\"92bd397\" data-element_type=\"container\" data-settings=\"{&quot;content_width&quot;:&quot;full&quot;}\">\n\t\t\t\t<div class=\"elementor-element elementor-element-de1cd83 elementor-widget elementor-widget-heading\" data-id=\"de1cd83\" data-element_type=\"widget\" data-widget_type=\"heading.default\">\n\t\t\t\t<div class=\"elementor-widget-container\">\n\t\t\t<h2 class=\"elementor-heading-title elementor-size-default\">D\u00favidas?<\/h2>\t\t<\/div>\n\t\t\t\t<\/div>\n\t\t\t\t<div class=\"elementor-element elementor-element-f9a15e3 elementor-widget elementor-widget-text-editor\" data-id=\"f9a15e3\" data-element_type=\"widget\" data-widget_type=\"text-editor.default\">\n\t\t\t\t<div class=\"elementor-widget-container\">\n\t\t\t\t\t\t\t<p>(41) 39959625 &#8211; (41) 98900-4821<\/p>\t\t\t\t\t\t<\/div>\n\t\t\t\t<\/div>\n\t\t\t\t<div class=\"elementor-element elementor-element-6fbdff4 elementor-widget elementor-widget-heading\" data-id=\"6fbdff4\" data-element_type=\"widget\" data-widget_type=\"heading.default\">\n\t\t\t\t<div class=\"elementor-widget-container\">\n\t\t\t<h2 class=\"elementor-heading-title elementor-size-default\">O'Clair \u00e9 importado por Vermonth Importadora\u00ae e distribuida por Carmen lee\u00ae<br><\/h2>\t\t<\/div>\n\t\t\t\t<\/div>\n\t\t\t\t<\/div>\n\t\t\t\t<\/div>\n\t\t\t\t\t\t\t<\/div>\n\t\t","protected":false},"excerpt":{"rendered":"<p>Excel\u00eancia em extens\u00e3o de c\u00edlios Se voc\u00ea busca a perfei\u00e7\u00e3o na extens\u00e3o de c\u00edlios profissionais, n\u00e3o precisa mais procurar. Apresentamos com orgulho a marca Oclair, uma verdadeira revolu\u00e7\u00e3o no mundo da beleza e cuidados com os olhos. Com ra\u00edzes na Coreia, ber\u00e7o da inova\u00e7\u00e3o e excel\u00eancia em cosm\u00e9ticos, a Oclair conquistou o cora\u00e7\u00e3o de profissionais &hellip;<\/p>\n<p class=\"read-more\"> <a class=\"\" href=\"https:\/\/oclair.com.br\/\"> <span class=\"screen-reader-text\">Home<\/span> Leia mais &raquo;<\/a><\/p>\n","protected":false},"author":1,"featured_media":0,"parent":0,"menu_order":0,"comment_status":"closed","ping_status":"closed","template":"","meta":{"site-sidebar-layout":"no-sidebar","site-content-layout":"","ast-site-content-layout":"full-width-container","site-content-style":"default","site-sidebar-style":"default","ast-global-header-display":"","ast-banner-title-visibility":"","ast-main-header-display":"","ast-hfb-above-header-display":"","ast-hfb-below-header-display":"","ast-hfb-mobile-header-display":"","site-post-title":"disabled","ast-breadcrumbs-content":"","ast-featured-img":"disabled","footer-sml-layout":"","theme-transparent-header-meta":"","adv-header-id-meta":"","stick-header-meta":"","header-above-stick-meta":"","header-main-stick-meta":"","header-below-stick-meta":"","astra-migrate-meta-layouts":"","footnotes":""},"class_list":["post-25","page","type-page","status-publish","hentry"],"_links":{"self":[{"href":"https:\/\/oclair.com.br\/index.php?rest_route=\/wp\/v2\/pages\/25","targetHints":{"allow":["GET"]}}],"collection":[{"href":"https:\/\/oclair.com.br\/index.php?rest_route=\/wp\/v2\/pages"}],"about":[{"href":"https:\/\/oclair.com.br\/index.php?rest_route=\/wp\/v2\/types\/page"}],"author":[{"embeddable":true,"href":"https:\/\/oclair.com.br\/index.php?rest_route=\/wp\/v2\/users\/1"}],"replies":[{"embeddable":true,"href":"https:\/\/oclair.com.br\/index.php?rest_route=%2Fwp%2Fv2%2Fcomments&post=25"}],"version-history":[{"count":22,"href":"https:\/\/oclair.com.br\/index.php?rest_route=\/wp\/v2\/pages\/25\/revisions"}],"predecessor-version":[{"id":78,"href":"https:\/\/oclair.com.br\/index.php?rest_route=\/wp\/v2\/pages\/25\/revisions\/78"}],"wp:attachment":[{"href":"https:\/\/oclair.com.br\/index.php?rest_route=%2Fwp%2Fv2%2Fmedia&parent=25"}],"curies":[{"name":"wp","href":"https:\/\/api.w.org\/{rel}","templated":true}]}}