{"id":51,"date":"2023-10-09T19:02:56","date_gmt":"2023-10-09T19:02:56","guid":{"rendered":"https:\/\/oclair.com.br\/?page_id=51"},"modified":"2023-10-09T19:10:44","modified_gmt":"2023-10-09T19:10:44","slug":"produtos","status":"publish","type":"page","link":"https:\/\/oclair.com.br\/?page_id=51","title":{"rendered":"Produtos"},"content":{"rendered":"\t\t<div data-elementor-type=\"wp-page\" data-elementor-id=\"51\" class=\"elementor elementor-51\">\n\t\t\t\t\t\t\t<div class=\"elementor-element elementor-element-3a55f68 e-flex e-con-boxed e-con e-parent\" data-id=\"3a55f68\" data-element_type=\"container\" data-settings=\"{&quot;content_width&quot;:&quot;boxed&quot;}\" data-core-v316-plus=\"true\">\n\t\t\t\t\t<div class=\"e-con-inner\">\n\t\t\t\t<div class=\"elementor-element elementor-element-8a020a8 elementor-widget elementor-widget-heading\" data-id=\"8a020a8\" data-element_type=\"widget\" data-widget_type=\"heading.default\">\n\t\t\t\t<div class=\"elementor-widget-container\">\n\t\t\t<style>\/*! elementor - v3.16.0 - 09-10-2023 *\/\n.elementor-heading-title{padding:0;margin:0;line-height:1}.elementor-widget-heading .elementor-heading-title[class*=elementor-size-]>a{color:inherit;font-size:inherit;line-height:inherit}.elementor-widget-heading .elementor-heading-title.elementor-size-small{font-size:15px}.elementor-widget-heading .elementor-heading-title.elementor-size-medium{font-size:19px}.elementor-widget-heading .elementor-heading-title.elementor-size-large{font-size:29px}.elementor-widget-heading .elementor-heading-title.elementor-size-xl{font-size:39px}.elementor-widget-heading .elementor-heading-title.elementor-size-xxl{font-size:59px}<\/style><h3 class=\"elementor-heading-title elementor-size-default\">Conhe\u00e7a nossos produtos<\/h3>\t\t<\/div>\n\t\t\t\t<\/div>\n\t\t\t\t<div class=\"elementor-element elementor-element-94e7fc1 elementor-widget elementor-widget-text-editor\" data-id=\"94e7fc1\" data-element_type=\"widget\" data-widget_type=\"text-editor.default\">\n\t\t\t\t<div class=\"elementor-widget-container\">\n\t\t\t<style>\/*! elementor - v3.16.0 - 09-10-2023 *\/\n.elementor-widget-text-editor.elementor-drop-cap-view-stacked .elementor-drop-cap{background-color:#69727d;color:#fff}.elementor-widget-text-editor.elementor-drop-cap-view-framed .elementor-drop-cap{color:#69727d;border:3px solid;background-color:transparent}.elementor-widget-text-editor:not(.elementor-drop-cap-view-default) .elementor-drop-cap{margin-top:8px}.elementor-widget-text-editor:not(.elementor-drop-cap-view-default) .elementor-drop-cap-letter{width:1em;height:1em}.elementor-widget-text-editor .elementor-drop-cap{float:left;text-align:center;line-height:1;font-size:50px}.elementor-widget-text-editor .elementor-drop-cap-letter{display:inline-block}<\/style>\t\t\t\t<p>Saiba um pouco mais sobre cada um de nossos produtos<\/p>\t\t\t\t\t\t<\/div>\n\t\t\t\t<\/div>\n\t\t\t\t\t<\/div>\n\t\t\t\t<\/div>\n\t\t<div class=\"elementor-element elementor-element-b70af82 e-flex e-con-boxed e-con e-parent\" data-id=\"b70af82\" data-element_type=\"container\" data-settings=\"{&quot;content_width&quot;:&quot;boxed&quot;}\" data-core-v316-plus=\"true\">\n\t\t\t\t\t<div class=\"e-con-inner\">\n\t\t<div class=\"elementor-element elementor-element-5ba0fbd e-con-full e-flex e-con e-child\" data-id=\"5ba0fbd\" data-element_type=\"container\" data-settings=\"{&quot;content_width&quot;:&quot;full&quot;}\">\n\t\t\t\t<div class=\"elementor-element elementor-element-0e47e3e elementor-widget elementor-widget-image\" data-id=\"0e47e3e\" data-element_type=\"widget\" data-widget_type=\"image.default\">\n\t\t\t\t<div class=\"elementor-widget-container\">\n\t\t\t<style>\/*! elementor - v3.16.0 - 09-10-2023 *\/\n.elementor-widget-image{text-align:center}.elementor-widget-image a{display:inline-block}.elementor-widget-image a img[src$=\".svg\"]{width:48px}.elementor-widget-image img{vertical-align:middle;display:inline-block}<\/style>\t\t\t\t\t\t\t\t\t\t\t\t<img loading=\"lazy\" decoding=\"async\" width=\"800\" height=\"800\" src=\"https:\/\/oclair.com.br\/wp-content\/uploads\/2023\/10\/Standard.png\" class=\"attachment-large size-large wp-image-53\" alt=\"\" srcset=\"https:\/\/oclair.com.br\/wp-content\/uploads\/2023\/10\/Standard.png 800w, https:\/\/oclair.com.br\/wp-content\/uploads\/2023\/10\/Standard-300x300.png 300w, https:\/\/oclair.com.br\/wp-content\/uploads\/2023\/10\/Standard-150x150.png 150w, https:\/\/oclair.com.br\/wp-content\/uploads\/2023\/10\/Standard-768x768.png 768w\" sizes=\"auto, (max-width: 800px) 100vw, 800px\" \/>\t\t\t\t\t\t\t\t\t\t\t\t\t\t\t<\/div>\n\t\t\t\t<\/div>\n\t\t\t\t<div class=\"elementor-element elementor-element-969c9e1 elementor-widget elementor-widget-heading\" data-id=\"969c9e1\" data-element_type=\"widget\" data-widget_type=\"heading.default\">\n\t\t\t\t<div class=\"elementor-widget-container\">\n\t\t\t<h2 class=\"elementor-heading-title elementor-size-default\">Cola Adesivo Para Extens\u00e3o De C\u00edlios Standard O'Clair<\/h2>\t\t<\/div>\n\t\t\t\t<\/div>\n\t\t\t\t<div class=\"elementor-element elementor-element-da39d3a elementor-widget elementor-widget-text-editor\" data-id=\"da39d3a\" data-element_type=\"widget\" data-widget_type=\"text-editor.default\">\n\t\t\t\t<div class=\"elementor-widget-container\">\n\t\t\t\t\t\t\t<p>Esse adesivo possui uma excelente ades\u00e3o aos fios naturais o que garante \u00f3tima reten\u00e7\u00e3o.<\/p>\t\t\t\t\t\t<\/div>\n\t\t\t\t<\/div>\n\t\t\t\t<div class=\"elementor-element elementor-element-764be24 elementor-widget elementor-widget-button\" data-id=\"764be24\" data-element_type=\"widget\" data-widget_type=\"button.default\">\n\t\t\t\t<div class=\"elementor-widget-container\">\n\t\t\t\t\t<div class=\"elementor-button-wrapper\">\n\t\t\t<a class=\"elementor-button elementor-button-link elementor-size-sm\" href=\"\">\n\t\t\t\t\t\t<span class=\"elementor-button-content-wrapper\">\n\t\t\t\t\t\t<span class=\"elementor-button-text\">COMPRE AQUI<\/span>\n\t\t<\/span>\n\t\t\t\t\t<\/a>\n\t\t<\/div>\n\t\t\t\t<\/div>\n\t\t\t\t<\/div>\n\t\t\t\t<\/div>\n\t\t<div class=\"elementor-element elementor-element-f02b8c3 e-con-full e-flex e-con e-child\" data-id=\"f02b8c3\" data-element_type=\"container\" data-settings=\"{&quot;content_width&quot;:&quot;full&quot;}\">\n\t\t\t\t<div class=\"elementor-element elementor-element-5d3ac76 elementor-widget elementor-widget-image\" data-id=\"5d3ac76\" data-element_type=\"widget\" data-widget_type=\"image.default\">\n\t\t\t\t<div class=\"elementor-widget-container\">\n\t\t\t\t\t\t\t\t\t\t\t\t\t\t\t<img loading=\"lazy\" decoding=\"async\" width=\"800\" height=\"800\" src=\"https:\/\/oclair.com.br\/wp-content\/uploads\/2023\/10\/Smart-1.png\" class=\"attachment-large size-large wp-image-54\" alt=\"\" srcset=\"https:\/\/oclair.com.br\/wp-content\/uploads\/2023\/10\/Smart-1.png 800w, https:\/\/oclair.com.br\/wp-content\/uploads\/2023\/10\/Smart-1-300x300.png 300w, https:\/\/oclair.com.br\/wp-content\/uploads\/2023\/10\/Smart-1-150x150.png 150w, https:\/\/oclair.com.br\/wp-content\/uploads\/2023\/10\/Smart-1-768x768.png 768w\" sizes=\"auto, (max-width: 800px) 100vw, 800px\" \/>\t\t\t\t\t\t\t\t\t\t\t\t\t\t\t<\/div>\n\t\t\t\t<\/div>\n\t\t\t\t<div class=\"elementor-element elementor-element-dded23e elementor-widget elementor-widget-heading\" data-id=\"dded23e\" data-element_type=\"widget\" data-widget_type=\"heading.default\">\n\t\t\t\t<div class=\"elementor-widget-container\">\n\t\t\t<h2 class=\"elementor-heading-title elementor-size-default\">Cola Adesivo Para Extens\u00e3o De C\u00edlios Smart+ O'Clair<\/h2>\t\t<\/div>\n\t\t\t\t<\/div>\n\t\t\t\t<div class=\"elementor-element elementor-element-0333153 elementor-widget elementor-widget-text-editor\" data-id=\"0333153\" data-element_type=\"widget\" data-widget_type=\"text-editor.default\">\n\t\t\t\t<div class=\"elementor-widget-container\">\n\t\t\t\t\t\t\t<p>Possui uma excelente ades\u00e3o aos fios naturais e uma durabilidade de trabalho muito longa.<\/p>\t\t\t\t\t\t<\/div>\n\t\t\t\t<\/div>\n\t\t\t\t<div class=\"elementor-element elementor-element-7fb0b6e elementor-widget elementor-widget-button\" data-id=\"7fb0b6e\" data-element_type=\"widget\" data-widget_type=\"button.default\">\n\t\t\t\t<div class=\"elementor-widget-container\">\n\t\t\t\t\t<div class=\"elementor-button-wrapper\">\n\t\t\t<a class=\"elementor-button elementor-button-link elementor-size-sm\" href=\"\">\n\t\t\t\t\t\t<span class=\"elementor-button-content-wrapper\">\n\t\t\t\t\t\t<span class=\"elementor-button-text\">COMPRE AQUI<\/span>\n\t\t<\/span>\n\t\t\t\t\t<\/a>\n\t\t<\/div>\n\t\t\t\t<\/div>\n\t\t\t\t<\/div>\n\t\t\t\t<\/div>\n\t\t<div class=\"elementor-element elementor-element-9c588c6 e-con-full e-flex e-con e-child\" data-id=\"9c588c6\" data-element_type=\"container\" data-settings=\"{&quot;content_width&quot;:&quot;full&quot;}\">\n\t\t\t\t<div class=\"elementor-element elementor-element-d3bb06e elementor-widget elementor-widget-image\" data-id=\"d3bb06e\" data-element_type=\"widget\" data-widget_type=\"image.default\">\n\t\t\t\t<div class=\"elementor-widget-container\">\n\t\t\t\t\t\t\t\t\t\t\t\t\t\t\t<img loading=\"lazy\" decoding=\"async\" width=\"800\" height=\"800\" src=\"https:\/\/oclair.com.br\/wp-content\/uploads\/2023\/10\/Fios-oclair-1.png\" class=\"attachment-large size-large wp-image-55\" alt=\"\" srcset=\"https:\/\/oclair.com.br\/wp-content\/uploads\/2023\/10\/Fios-oclair-1.png 800w, https:\/\/oclair.com.br\/wp-content\/uploads\/2023\/10\/Fios-oclair-1-300x300.png 300w, https:\/\/oclair.com.br\/wp-content\/uploads\/2023\/10\/Fios-oclair-1-150x150.png 150w, https:\/\/oclair.com.br\/wp-content\/uploads\/2023\/10\/Fios-oclair-1-768x768.png 768w\" sizes=\"auto, (max-width: 800px) 100vw, 800px\" \/>\t\t\t\t\t\t\t\t\t\t\t\t\t\t\t<\/div>\n\t\t\t\t<\/div>\n\t\t\t\t<div class=\"elementor-element elementor-element-5cc5067 elementor-widget elementor-widget-heading\" data-id=\"5cc5067\" data-element_type=\"widget\" data-widget_type=\"heading.default\">\n\t\t\t\t<div class=\"elementor-widget-container\">\n\t\t\t<h2 class=\"elementor-heading-title elementor-size-default\">Fio Para Extens\u00e3o De C\u00edlios O'Clair<\/h2>\t\t<\/div>\n\t\t\t\t<\/div>\n\t\t\t\t<div class=\"elementor-element elementor-element-391dedb elementor-widget elementor-widget-text-editor\" data-id=\"391dedb\" data-element_type=\"widget\" data-widget_type=\"text-editor.default\">\n\t\t\t\t<div class=\"elementor-widget-container\">\n\t\t\t\t\t\t\t<p>Projetado para te dar uma apar\u00eancia natural, um olhar ainda mais bonito e elegante.&nbsp;Fabricado com um processo mais detalhado.<\/p>\t\t\t\t\t\t<\/div>\n\t\t\t\t<\/div>\n\t\t\t\t<div class=\"elementor-element elementor-element-9363b6a elementor-widget elementor-widget-button\" data-id=\"9363b6a\" data-element_type=\"widget\" data-widget_type=\"button.default\">\n\t\t\t\t<div class=\"elementor-widget-container\">\n\t\t\t\t\t<div class=\"elementor-button-wrapper\">\n\t\t\t<a class=\"elementor-button elementor-button-link elementor-size-sm\" href=\"\">\n\t\t\t\t\t\t<span class=\"elementor-button-content-wrapper\">\n\t\t\t\t\t\t<span class=\"elementor-button-text\">COMPRE AQUI<\/span>\n\t\t<\/span>\n\t\t\t\t\t<\/a>\n\t\t<\/div>\n\t\t\t\t<\/div>\n\t\t\t\t<\/div>\n\t\t\t\t<\/div>\n\t\t<div class=\"elementor-element elementor-element-7164623 e-con-full e-flex e-con e-child\" data-id=\"7164623\" data-element_type=\"container\" data-settings=\"{&quot;content_width&quot;:&quot;full&quot;}\">\n\t\t\t\t<div class=\"elementor-element elementor-element-e818855 elementor-widget elementor-widget-image\" data-id=\"e818855\" data-element_type=\"widget\" data-widget_type=\"image.default\">\n\t\t\t\t<div class=\"elementor-widget-container\">\n\t\t\t\t\t\t\t\t\t\t\t\t\t\t\t<img loading=\"lazy\" decoding=\"async\" width=\"800\" height=\"800\" src=\"https:\/\/oclair.com.br\/wp-content\/uploads\/2023\/10\/Oclair-Prime-Spray.png\" class=\"attachment-large size-large wp-image-56\" alt=\"\" srcset=\"https:\/\/oclair.com.br\/wp-content\/uploads\/2023\/10\/Oclair-Prime-Spray.png 800w, https:\/\/oclair.com.br\/wp-content\/uploads\/2023\/10\/Oclair-Prime-Spray-300x300.png 300w, https:\/\/oclair.com.br\/wp-content\/uploads\/2023\/10\/Oclair-Prime-Spray-150x150.png 150w, https:\/\/oclair.com.br\/wp-content\/uploads\/2023\/10\/Oclair-Prime-Spray-768x768.png 768w\" sizes=\"auto, (max-width: 800px) 100vw, 800px\" \/>\t\t\t\t\t\t\t\t\t\t\t\t\t\t\t<\/div>\n\t\t\t\t<\/div>\n\t\t\t\t<div class=\"elementor-element elementor-element-5008d0f elementor-widget elementor-widget-heading\" data-id=\"5008d0f\" data-element_type=\"widget\" data-widget_type=\"heading.default\">\n\t\t\t\t<div class=\"elementor-widget-container\">\n\t\t\t<h2 class=\"elementor-heading-title elementor-size-default\">Primer Para Extens\u00e3o De C\u00edlios O'Clair <\/h2>\t\t<\/div>\n\t\t\t\t<\/div>\n\t\t\t\t<div class=\"elementor-element elementor-element-733c60e elementor-widget elementor-widget-text-editor\" data-id=\"733c60e\" data-element_type=\"widget\" data-widget_type=\"text-editor.default\">\n\t\t\t\t<div class=\"elementor-widget-container\">\n\t\t\t\t\t\t\t<p>O produto essencial \u00e9 o Primer O\u00b4Clair, o primeiro passo para um procedimento eficaz e confort\u00e1vel.<\/p>\t\t\t\t\t\t<\/div>\n\t\t\t\t<\/div>\n\t\t\t\t<div class=\"elementor-element elementor-element-68b060e elementor-widget elementor-widget-button\" data-id=\"68b060e\" data-element_type=\"widget\" data-widget_type=\"button.default\">\n\t\t\t\t<div class=\"elementor-widget-container\">\n\t\t\t\t\t<div class=\"elementor-button-wrapper\">\n\t\t\t<a class=\"elementor-button elementor-button-link elementor-size-sm\" href=\"\">\n\t\t\t\t\t\t<span class=\"elementor-button-content-wrapper\">\n\t\t\t\t\t\t<span class=\"elementor-button-text\">COMPRE AQUI<\/span>\n\t\t<\/span>\n\t\t\t\t\t<\/a>\n\t\t<\/div>\n\t\t\t\t<\/div>\n\t\t\t\t<\/div>\n\t\t\t\t<\/div>\n\t\t<div class=\"elementor-element elementor-element-53871b7 e-con-full e-flex e-con e-child\" data-id=\"53871b7\" data-element_type=\"container\" data-settings=\"{&quot;content_width&quot;:&quot;full&quot;}\">\n\t\t\t\t<div class=\"elementor-element elementor-element-8a964c8 elementor-widget elementor-widget-image\" data-id=\"8a964c8\" data-element_type=\"widget\" data-widget_type=\"image.default\">\n\t\t\t\t<div class=\"elementor-widget-container\">\n\t\t\t\t\t\t\t\t\t\t\t\t\t\t\t<img loading=\"lazy\" decoding=\"async\" width=\"800\" height=\"800\" src=\"https:\/\/oclair.com.br\/wp-content\/uploads\/2023\/10\/Neutralizante-oclair.png\" class=\"attachment-large size-large wp-image-57\" alt=\"\" srcset=\"https:\/\/oclair.com.br\/wp-content\/uploads\/2023\/10\/Neutralizante-oclair.png 800w, https:\/\/oclair.com.br\/wp-content\/uploads\/2023\/10\/Neutralizante-oclair-300x300.png 300w, https:\/\/oclair.com.br\/wp-content\/uploads\/2023\/10\/Neutralizante-oclair-150x150.png 150w, https:\/\/oclair.com.br\/wp-content\/uploads\/2023\/10\/Neutralizante-oclair-768x768.png 768w\" sizes=\"auto, (max-width: 800px) 100vw, 800px\" \/>\t\t\t\t\t\t\t\t\t\t\t\t\t\t\t<\/div>\n\t\t\t\t<\/div>\n\t\t\t\t<div class=\"elementor-element elementor-element-28098c2 elementor-widget elementor-widget-heading\" data-id=\"28098c2\" data-element_type=\"widget\" data-widget_type=\"heading.default\">\n\t\t\t\t<div class=\"elementor-widget-container\">\n\t\t\t<h2 class=\"elementor-heading-title elementor-size-default\">Neutralizante De Odor O'Clair\n<\/h2>\t\t<\/div>\n\t\t\t\t<\/div>\n\t\t\t\t<div class=\"elementor-element elementor-element-39ccc3c elementor-widget elementor-widget-text-editor\" data-id=\"39ccc3c\" data-element_type=\"widget\" data-widget_type=\"text-editor.default\">\n\t\t\t\t<div class=\"elementor-widget-container\">\n\t\t\t\t\t\t\t<p>O Neutralizante De Odor O&#8217;Clair \u00e9 um produto que absorve o formalde\u00eddo e outras subst\u00e2ncias.<\/p>\t\t\t\t\t\t<\/div>\n\t\t\t\t<\/div>\n\t\t\t\t<div class=\"elementor-element elementor-element-54d74aa elementor-widget elementor-widget-button\" data-id=\"54d74aa\" data-element_type=\"widget\" data-widget_type=\"button.default\">\n\t\t\t\t<div class=\"elementor-widget-container\">\n\t\t\t\t\t<div class=\"elementor-button-wrapper\">\n\t\t\t<a class=\"elementor-button elementor-button-link elementor-size-sm\" href=\"\">\n\t\t\t\t\t\t<span class=\"elementor-button-content-wrapper\">\n\t\t\t\t\t\t<span class=\"elementor-button-text\">COMPRE AQUI<\/span>\n\t\t<\/span>\n\t\t\t\t\t<\/a>\n\t\t<\/div>\n\t\t\t\t<\/div>\n\t\t\t\t<\/div>\n\t\t\t\t<\/div>\n\t\t<div class=\"elementor-element elementor-element-29cb541 e-con-full e-flex e-con e-child\" data-id=\"29cb541\" data-element_type=\"container\" data-settings=\"{&quot;content_width&quot;:&quot;full&quot;}\">\n\t\t\t\t<div class=\"elementor-element elementor-element-0000cf2 elementor-widget elementor-widget-image\" data-id=\"0000cf2\" data-element_type=\"widget\" data-widget_type=\"image.default\">\n\t\t\t\t<div class=\"elementor-widget-container\">\n\t\t\t\t\t\t\t\t\t\t\t\t\t\t\t<img loading=\"lazy\" decoding=\"async\" width=\"800\" height=\"800\" src=\"https:\/\/oclair.com.br\/wp-content\/uploads\/2023\/10\/Removedor-Oclair.png\" class=\"attachment-large size-large wp-image-58\" alt=\"\" srcset=\"https:\/\/oclair.com.br\/wp-content\/uploads\/2023\/10\/Removedor-Oclair.png 800w, https:\/\/oclair.com.br\/wp-content\/uploads\/2023\/10\/Removedor-Oclair-300x300.png 300w, https:\/\/oclair.com.br\/wp-content\/uploads\/2023\/10\/Removedor-Oclair-150x150.png 150w, https:\/\/oclair.com.br\/wp-content\/uploads\/2023\/10\/Removedor-Oclair-768x768.png 768w\" sizes=\"auto, (max-width: 800px) 100vw, 800px\" \/>\t\t\t\t\t\t\t\t\t\t\t\t\t\t\t<\/div>\n\t\t\t\t<\/div>\n\t\t\t\t<div class=\"elementor-element elementor-element-1989a76 elementor-widget elementor-widget-heading\" data-id=\"1989a76\" data-element_type=\"widget\" data-widget_type=\"heading.default\">\n\t\t\t\t<div class=\"elementor-widget-container\">\n\t\t\t<h2 class=\"elementor-heading-title elementor-size-default\">Removedor em Gel O'CLAIR<\/h2>\t\t<\/div>\n\t\t\t\t<\/div>\n\t\t\t\t<div class=\"elementor-element elementor-element-3deb30e elementor-widget elementor-widget-text-editor\" data-id=\"3deb30e\" data-element_type=\"widget\" data-widget_type=\"text-editor.default\">\n\t\t\t\t<div class=\"elementor-widget-container\">\n\t\t\t\t\t\t\t<p>Conhe\u00e7a o removedor Remover Gel O&#8217;Clair, ele remove a extens\u00e3o de forma r\u00e1pida e f\u00e1cil.<\/p>\t\t\t\t\t\t<\/div>\n\t\t\t\t<\/div>\n\t\t\t\t<div class=\"elementor-element elementor-element-98d06be elementor-widget elementor-widget-button\" data-id=\"98d06be\" data-element_type=\"widget\" data-widget_type=\"button.default\">\n\t\t\t\t<div class=\"elementor-widget-container\">\n\t\t\t\t\t<div class=\"elementor-button-wrapper\">\n\t\t\t<a class=\"elementor-button elementor-button-link elementor-size-sm\" href=\"\">\n\t\t\t\t\t\t<span class=\"elementor-button-content-wrapper\">\n\t\t\t\t\t\t<span class=\"elementor-button-text\">COMPRE AQUI<\/span>\n\t\t<\/span>\n\t\t\t\t\t<\/a>\n\t\t<\/div>\n\t\t\t\t<\/div>\n\t\t\t\t<\/div>\n\t\t\t\t<\/div>\n\t\t\t\t\t<\/div>\n\t\t\t\t<\/div>\n\t\t\t\t\t\t\t<\/div>\n\t\t","protected":false},"excerpt":{"rendered":"<p>Conhe\u00e7a nossos produtos Saiba um pouco mais sobre cada um de nossos produtos Cola Adesivo Para Extens\u00e3o De C\u00edlios Standard O&#8217;Clair Esse adesivo possui uma excelente ades\u00e3o aos fios naturais o que garante \u00f3tima reten\u00e7\u00e3o. COMPRE AQUI Cola Adesivo Para Extens\u00e3o De C\u00edlios Smart+ O&#8217;Clair Possui uma excelente ades\u00e3o aos fios naturais e uma durabilidade &hellip;<\/p>\n<p class=\"read-more\"> <a class=\"\" href=\"https:\/\/oclair.com.br\/?page_id=51\"> <span class=\"screen-reader-text\">Produtos<\/span> Leia mais &raquo;<\/a><\/p>\n","protected":false},"author":1,"featured_media":0,"parent":0,"menu_order":0,"comment_status":"closed","ping_status":"closed","template":"","meta":{"site-sidebar-layout":"no-sidebar","site-content-layout":"","ast-site-content-layout":"full-width-container","site-content-style":"default","site-sidebar-style":"default","ast-global-header-display":"","ast-banner-title-visibility":"","ast-main-header-display":"","ast-hfb-above-header-display":"","ast-hfb-below-header-display":"","ast-hfb-mobile-header-display":"","site-post-title":"disabled","ast-breadcrumbs-content":"","ast-featured-img":"disabled","footer-sml-layout":"","theme-transparent-header-meta":"","adv-header-id-meta":"","stick-header-meta":"","header-above-stick-meta":"","header-main-stick-meta":"","header-below-stick-meta":"","astra-migrate-meta-layouts":"","footnotes":""},"class_list":["post-51","page","type-page","status-publish","hentry"],"_links":{"self":[{"href":"https:\/\/oclair.com.br\/index.php?rest_route=\/wp\/v2\/pages\/51","targetHints":{"allow":["GET"]}}],"collection":[{"href":"https:\/\/oclair.com.br\/index.php?rest_route=\/wp\/v2\/pages"}],"about":[{"href":"https:\/\/oclair.com.br\/index.php?rest_route=\/wp\/v2\/types\/page"}],"author":[{"embeddable":true,"href":"https:\/\/oclair.com.br\/index.php?rest_route=\/wp\/v2\/users\/1"}],"replies":[{"embeddable":true,"href":"https:\/\/oclair.com.br\/index.php?rest_route=%2Fwp%2Fv2%2Fcomments&post=51"}],"version-history":[{"count":7,"href":"https:\/\/oclair.com.br\/index.php?rest_route=\/wp\/v2\/pages\/51\/revisions"}],"predecessor-version":[{"id":65,"href":"https:\/\/oclair.com.br\/index.php?rest_route=\/wp\/v2\/pages\/51\/revisions\/65"}],"wp:attachment":[{"href":"https:\/\/oclair.com.br\/index.php?rest_route=%2Fwp%2Fv2%2Fmedia&parent=51"}],"curies":[{"name":"wp","href":"https:\/\/api.w.org\/{rel}","templated":true}]}}